{"id":1567,"date":"2019-03-27T07:28:07","date_gmt":"2019-03-27T07:28:07","guid":{"rendered":"https:\/\/www.ackermann-institutet.se\/behandling\/ruckenschmerzen\/"},"modified":"2019-03-29T07:03:59","modified_gmt":"2019-03-29T07:03:59","slug":"ruckenschmerzen","status":"publish","type":"page","link":"https:\/\/www.staging.ackermann-institutet.se\/de\/behandlung\/ruckenschmerzen\/","title":{"rendered":"R\u00fcckenschmerzen"},"content":{"rendered":"\r\n<h1>R\u00fcckenschmerzen<\/h1>\r\n<p>Wir im Ackermann-Institut sind f\u00fchrende Experten f\u00fcr die Behandlung von R\u00fcckenschmerzen durch Osteopatische und sanfte chiropraktische Methoden.<\/p>\r\n<p>R\u00fcckenschmerzen strahlen oft in andere Bereiche des K\u00f6rpers aus. Einige PatientenInnen versp\u00fcren einen dumpfen Schmerz, w\u00e4hrend andere den Schmerz so intensiv wahrnehmen, dass es schwer ist, sich \u00fcberhaupt zu bewegen.<\/p>\r\n<p><a role=\"button\" href=\"mailto:info@ackermann-institutet.se\" target=\"_blank\" rel=\"noopener\"> Kontaktieren Sie uns <\/a><\/p>\r\n<ul>\r\n<li><a href=\"#first-slide\">Einleitung<\/a><\/li>\r\n<li><a href=\"#text-slide\">\u00dcber das Symptom<\/a><\/li>\r\n<\/ul>\r\n<p>R\u00fcckenschmerzen bedeuten, dass die Schmerzen, die Sie im R\u00fcckenbereich f\u00fchlen, in einen breiteren Bereich ausstrahlen. Der Grad der R\u00fcckenschmerzen kann variieren. Viele PatientenInnen haben unterschwellige Probleme, w\u00e4hrend andere unter solch starken R\u00fcckenschmerzen leiden, dass Sie das Gef\u00fchl haben, allt\u00e4gliche Bewegung sei nicht mehr m\u00f6glich.<\/p>\r\n<p>Wenn das Gesundheitswesen keine spezielle Ursache f\u00fcr die R\u00fcckenschmerzen finden kann, werden sie in der Regel &#8222;unspezifische R\u00fcckenschmerzen&#8220; genannt. Von allen PatientenInnen, die jedes Jahr Hilfe gegen R\u00fcckenschmerzen suchen, wurden 90-95% mit unspezifischen R\u00fcckenschmerzen diagnostiziert.<\/p>\r\n<p>Die meisten R\u00fcckenschmerzen haben keine ernsthaften Gr\u00fcnde, weswegen sie in der Regel harmlos sind \u2013 obwohl sie zu offensichtlich gro\u00dfen Problemen im Alltag f\u00fchren k\u00f6nnen. R\u00fcckenschmerzen f\u00fchren trotzdem zu einer Verschlechterung des Alltags.<\/p>\r\n<p>M\u00f6gliche Ursachen f\u00fcr unspezifische R\u00fcckenschmerzen k\u00f6nnen kleine Risse im Gewebe, die Bandscheiben oder Muskelkr\u00e4mpfe sowie \u00dcberlastung, zum Beispiel nach dem Heben schwerer Lasten oder ung\u00fcnstiger Sitzpositionen, sein. Stress oder allgemeine Spannung im K\u00f6rper selbst k\u00f6nnen zu Problemen f\u00fchren.<\/p>\r\n<p>Neben unspezifischen R\u00fcckenschmerzen gibt es ein paar h\u00e4ufigere Arten von R\u00fcckenschmerzen. Zu diesen geh\u00f6rt zum Beispiel Lumbago, die oft als pl\u00f6tzliche oder langsam zunehmende R\u00fcckenschmerzen auftreten und ihre Ursache in der Lendengegend haben. Wenn der Schmerz im unteren R\u00fccken und dem Ges\u00e4\u00df sitzt, nennt man diesen oft Lumbago.<\/p>\r\n<p>R\u00fcckenschmerzen sind in der Regel nicht gef\u00e4hrlich, aber wenn sie innerhalb einiger Wochen nicht vor\u00fcbergehen, ist es ratsam, Hilfe zu suchen und damit auszuschlie\u00dfen, dass die Schmerzen durch etwas Ernstes ausgel\u00f6st werden. Ein Arzt kann Sie an die richtigen Spezialisten \u00fcberweisen.<\/p>\r\n<h3>Wer leidet unter R\u00fcckenschmerzen?<\/h3>\r\n<p>Jeder Mensch kann im Laufe seines Lebens von R\u00fcckenschmerzen heimgesucht werden. Allerdings ist es \u00fcblich, dass der Schmerz mit dem Alter zunimmt, da sich die Fehlbelastungen des Alltags erst mit der Zeit zeigen.<\/p>\r\n<p>Auch J\u00fcngere leiden unter R\u00fcckenschmerzen. Aber das liegt auch oft daran, dass man entweder zu hart sportlich trainiert, sich verletzt, an Erkrankungen oder allgemeinen k\u00f6rperlichen Schmerzen leidet.<\/p>\r\n<p>Auch von einer Schwangerschaft k\u00f6nnen Sie R\u00fcckenschmerzen bekommen, weil der wachsende Bauch die Fehlhaltungen im K\u00f6rper f\u00f6rdert. Nat\u00fcrlich sollte man sich schonen und darauf achten, mit einem Kind im Bauch nicht auch noch R\u00fcckenschmerzen zu bekommen.<\/p>\r\n<h3>Wie behandelt man R\u00fcckenschmerzen?<\/h3>\r\n<p>R\u00fcckenprobleme sind heutzutage nicht mehr etwas, das man Tag f\u00fcr Tag ertragen muss. Es gibt einfache Alternativen, die den Schmerz verringern \u2013 auch wenn er dadurch nicht ganz verschwindet. Zus\u00e4tzlich zu den Standard-Kopfschmerztabletten k\u00f6nnen andere, effiziente Optionen wie zum Beispiel Besuche bei einem Neuropathen, Chiropraktiker oder Osteopathen, die mit sanften Techniken arbeiten, gew\u00e4hlt werden.<\/p>\r\n<p><img decoding=\"async\" title=\"text-img\" data-src=\"https:\/\/www.staging.ackermann-institutet.se\/wp-content\/uploads\/2019\/02\/text-img.jpg\" alt=\"text-img\" width=\"542\" height=\"305\" src=\"data:image\/svg+xml;base64,PHN2ZyB3aWR0aD0iMSIgaGVpZ2h0PSIxIiB4bWxucz0iaHR0cDovL3d3dy53My5vcmcvMjAwMC9zdmciPjwvc3ZnPg==\" class=\"lazyload\" style=\"--smush-placeholder-width: 542px; --smush-placeholder-aspect-ratio: 542\/305;\" \/><\/p>\r\n<p>Ein guter Therapeut kann schnell feststellen, welche Art von Behandlung Sie ben\u00f6tigen und was am besten zu Ihnen passt, um Ihre R\u00fcckenschmerzen zu reduzieren.<\/p>\r\n<h3>K\u00f6nnen Sie dem Schmerz selbst vorbeugen?<\/h3>\r\n<p>Wenn man R\u00fcckenschmerzen hat, kann es sich oft nach Taubheit und allgemeinen Gliederschmerzen anf\u00fchlen. Um akute R\u00fcckenschmerzen zu behandeln, sind die erste Wahl oft schmerzstillende Mittel \u2013 was nat\u00fcrlich vollkommen in Ordnung ist, um das Leben ein wenig leichter zu machen. Aber es gibt auch andere Behandlungsm\u00f6glichkeiten.<\/p>\r\n<p>Unter anderem helfen oft verschiedene \u00dcbungen, damit sich die Probleme nicht verschlechtern. Die Bewegung ist einfach ein guter Weg, R\u00fcckenschmerzen vorzubeugen oder zumindest die Risiken eines chronischen Leidens zu reduzieren. Allerdings ist es gut, sich anfangs an einen Spezialisten zu wenden, um zu vermeiden, dass man sein Verletzungsrisiko erh\u00f6ht oder sich zu \u00fcbersch\u00e4tzen.<\/p>\r\n<p>Die eigene K\u00f6rperhaltung und Arbeitsposition kann sich auch vorteilhaft oder negativ auf R\u00fcckenschmerzen auswirken. Des Weiteren sollte man immer sicherstellen, dass man eine gute Matratze und hochwertige Kissen zum Schlafen zu Hause hat.<\/p>\r\n<h3>Wo kann ich Hilfe f\u00fcr meine Behandlung finden?<\/h3>\r\n<p>Heute gibt es viele Kliniken, die neuropathische oder chiropraktische Behandlung anbieten. Um tats\u00e4chliche Resultate zu erzielen ist es sinnvoll, sich an jemanden zu wenden, der Erfahrung hat und einen individuellen Behandlungsplan f\u00fcr jeden einzelnen Patienten erstellt.<\/p>\r\n<p>Wir beim Ackermann Institut haben \u00fcber die Jahre erfolgreich eine Vielzahl von Patienten behandelt und konnten ihnen effektiv helfen, ihre R\u00fcckenprobleme und Schmerzen loszuwerden.<\/p>\r\n<p>Das Ackermann-Institut ist ein bekannter Name in diesen Bereichen und damit die nat\u00fcrliche Wahl f\u00fcr alle, die einen Therapeuten suchen, der jeden Patienten in seiner pers\u00f6nlichen Situation abholt, zuh\u00f6rt und Fragen stellt, um eine wirksame Behandlung zu erm\u00f6glichen, die Ergebnisse liefert &#8211; tats\u00e4chliche Ergebnisse. Hier k\u00f6nnen Sie einen Ackermann-Therapeuten in Ihrer N\u00e4he finden.<\/p>\r\n","protected":false},"excerpt":{"rendered":"<p>R\u00fcckenschmerzen Wir im Ackermann-Institut sind f\u00fchrende Experten f\u00fcr die Behandlung von R\u00fcckenschmerzen durch Osteopatische und sanfte chiropraktische Methoden. R\u00fcckenschmerzen strahlen oft in andere Bereiche des K\u00f6rpers aus. Einige PatientenInnen versp\u00fcren einen dumpfen Schmerz, w\u00e4hrend andere den Schmerz so intensiv wahrnehmen, dass es schwer ist, sich \u00fcberhaupt zu bewegen. Kontaktieren Sie uns Einleitung \u00dcber das Symptom &#8230; <a title=\"R\u00fcckenschmerzen\" class=\"read-more\" href=\"https:\/\/www.staging.ackermann-institutet.se\/de\/behandlung\/ruckenschmerzen\/\" aria-label=\"Mehr Informationen \u00fcber R\u00fcckenschmerzen\">Weiterlesen<\/a><\/p>\n","protected":false},"author":2,"featured_media":0,"parent":1536,"menu_order":0,"comment_status":"closed","ping_status":"closed","template":"","meta":{"om_disable_all_campaigns":false,"_monsterinsights_skip_tracking":false,"_monsterinsights_sitenote_active":false,"_monsterinsights_sitenote_note":"","_monsterinsights_sitenote_category":0,"_uf_show_specific_survey":0,"_uf_disable_surveys":false,"footnotes":""},"class_list":["post-1567","page","type-page","status-publish"],"acf":[],"yoast_head":"<!-- This site is optimized with the Yoast SEO plugin v25.8 - https:\/\/yoast.com\/wordpress\/plugins\/seo\/ -->\n<title>R\u00fcckenschmerzen \u2013 Ackermann Institut<\/title>\n<meta name=\"robots\" content=\"noindex, follow, max-snippet:-1, max-image-preview:large, max-video-preview:-1\" \/>\n<meta property=\"og:locale\" content=\"de_DE\" \/>\n<meta property=\"og:type\" content=\"article\" \/>\n<meta property=\"og:title\" content=\"R\u00fcckenschmerzen \u2013 Ackermann Institut\" \/>\n<meta property=\"og:description\" content=\"R\u00fcckenschmerzen Wir im Ackermann-Institut sind f\u00fchrende Experten f\u00fcr die Behandlung von R\u00fcckenschmerzen durch Osteopatische und sanfte chiropraktische Methoden. R\u00fcckenschmerzen strahlen oft in andere Bereiche des K\u00f6rpers aus. Einige PatientenInnen versp\u00fcren einen dumpfen Schmerz, w\u00e4hrend andere den Schmerz so intensiv wahrnehmen, dass es schwer ist, sich \u00fcberhaupt zu bewegen. Kontaktieren Sie uns Einleitung \u00dcber das Symptom ... Weiterlesen\" \/>\n<meta property=\"og:url\" content=\"https:\/\/www.staging.ackermann-institutet.se\/de\/behandlung\/ruckenschmerzen\/\" \/>\n<meta property=\"og:site_name\" content=\"Ackermann Institutet\" \/>\n<meta property=\"article:modified_time\" content=\"2019-03-29T07:03:59+00:00\" \/>\n<meta property=\"og:image\" content=\"https:\/\/www.staging.ackermann-institutet.se\/wp-content\/uploads\/2019\/02\/text-img.jpg\" \/>\n<meta name=\"twitter:card\" content=\"summary_large_image\" \/>\n<meta name=\"twitter:label1\" content=\"Gesch\u00e4tzte Lesezeit\" \/>\n\t<meta name=\"twitter:data1\" content=\"4\u00a0Minuten\" \/>\n<script type=\"application\/ld+json\" class=\"yoast-schema-graph\">{\"@context\":\"https:\/\/schema.org\",\"@graph\":[{\"@type\":\"WebPage\",\"@id\":\"https:\/\/www.staging.ackermann-institutet.se\/de\/behandlung\/ruckenschmerzen\/\",\"url\":\"https:\/\/www.staging.ackermann-institutet.se\/de\/behandlung\/ruckenschmerzen\/\",\"name\":\"R\u00fcckenschmerzen \u2013 Ackermann Institut\",\"isPartOf\":{\"@id\":\"https:\/\/www.staging.ackermann-institutet.se\/#website\"},\"primaryImageOfPage\":{\"@id\":\"https:\/\/www.staging.ackermann-institutet.se\/de\/behandlung\/ruckenschmerzen\/#primaryimage\"},\"image\":{\"@id\":\"https:\/\/www.staging.ackermann-institutet.se\/de\/behandlung\/ruckenschmerzen\/#primaryimage\"},\"thumbnailUrl\":\"https:\/\/www.staging.ackermann-institutet.se\/wp-content\/uploads\/2019\/02\/text-img.jpg\",\"datePublished\":\"2019-03-27T07:28:07+00:00\",\"dateModified\":\"2019-03-29T07:03:59+00:00\",\"breadcrumb\":{\"@id\":\"https:\/\/www.staging.ackermann-institutet.se\/de\/behandlung\/ruckenschmerzen\/#breadcrumb\"},\"inLanguage\":\"de\",\"potentialAction\":[{\"@type\":\"ReadAction\",\"target\":[\"https:\/\/www.staging.ackermann-institutet.se\/de\/behandlung\/ruckenschmerzen\/\"]}]},{\"@type\":\"ImageObject\",\"inLanguage\":\"de\",\"@id\":\"https:\/\/www.staging.ackermann-institutet.se\/de\/behandlung\/ruckenschmerzen\/#primaryimage\",\"url\":\"https:\/\/www.staging.ackermann-institutet.se\/wp-content\/uploads\/2019\/02\/text-img.jpg\",\"contentUrl\":\"https:\/\/www.staging.ackermann-institutet.se\/wp-content\/uploads\/2019\/02\/text-img.jpg\"},{\"@type\":\"BreadcrumbList\",\"@id\":\"https:\/\/www.staging.ackermann-institutet.se\/de\/behandlung\/ruckenschmerzen\/#breadcrumb\",\"itemListElement\":[{\"@type\":\"ListItem\",\"position\":1,\"name\":\"Home\",\"item\":\"https:\/\/www.staging.ackermann-institutet.se\/de\/\"},{\"@type\":\"ListItem\",\"position\":2,\"name\":\"Behandlung\",\"item\":\"https:\/\/www.staging.ackermann-institutet.se\/de\/behandlung\/\"},{\"@type\":\"ListItem\",\"position\":3,\"name\":\"R\u00fcckenschmerzen\"}]},{\"@type\":\"WebSite\",\"@id\":\"https:\/\/www.staging.ackermann-institutet.se\/#website\",\"url\":\"https:\/\/www.staging.ackermann-institutet.se\/\",\"name\":\"Ackermann Institutet\",\"description\":\"Tagline: Ackermann Institutet\",\"publisher\":{\"@id\":\"https:\/\/www.staging.ackermann-institutet.se\/#organization\"},\"potentialAction\":[{\"@type\":\"SearchAction\",\"target\":{\"@type\":\"EntryPoint\",\"urlTemplate\":\"https:\/\/www.staging.ackermann-institutet.se\/?s={search_term_string}\"},\"query-input\":{\"@type\":\"PropertyValueSpecification\",\"valueRequired\":true,\"valueName\":\"search_term_string\"}}],\"inLanguage\":\"de\"},{\"@type\":\"Organization\",\"@id\":\"https:\/\/www.staging.ackermann-institutet.se\/#organization\",\"name\":\"Ackermann Institutet\",\"url\":\"https:\/\/www.staging.ackermann-institutet.se\/\",\"logo\":{\"@type\":\"ImageObject\",\"inLanguage\":\"de\",\"@id\":\"https:\/\/www.staging.ackermann-institutet.se\/#\/schema\/logo\/image\/\",\"url\":\"https:\/\/www.staging.ackermann-institutet.se\/wp-content\/uploads\/2019\/02\/logo-2-2.png\",\"contentUrl\":\"https:\/\/www.staging.ackermann-institutet.se\/wp-content\/uploads\/2019\/02\/logo-2-2.png\",\"width\":286,\"height\":210,\"caption\":\"Ackermann Institutet\"},\"image\":{\"@id\":\"https:\/\/www.staging.ackermann-institutet.se\/#\/schema\/logo\/image\/\"}}]}<\/script>\n<!-- \/ Yoast SEO plugin. -->","yoast_head_json":{"title":"R\u00fcckenschmerzen \u2013 Ackermann Institut","robots":{"index":"noindex","follow":"follow","max-snippet":"max-snippet:-1","max-image-preview":"max-image-preview:large","max-video-preview":"max-video-preview:-1"},"og_locale":"de_DE","og_type":"article","og_title":"R\u00fcckenschmerzen \u2013 Ackermann Institut","og_description":"R\u00fcckenschmerzen Wir im Ackermann-Institut sind f\u00fchrende Experten f\u00fcr die Behandlung von R\u00fcckenschmerzen durch Osteopatische und sanfte chiropraktische Methoden. R\u00fcckenschmerzen strahlen oft in andere Bereiche des K\u00f6rpers aus. Einige PatientenInnen versp\u00fcren einen dumpfen Schmerz, w\u00e4hrend andere den Schmerz so intensiv wahrnehmen, dass es schwer ist, sich \u00fcberhaupt zu bewegen. Kontaktieren Sie uns Einleitung \u00dcber das Symptom ... Weiterlesen","og_url":"https:\/\/www.staging.ackermann-institutet.se\/de\/behandlung\/ruckenschmerzen\/","og_site_name":"Ackermann Institutet","article_modified_time":"2019-03-29T07:03:59+00:00","og_image":[{"url":"https:\/\/www.staging.ackermann-institutet.se\/wp-content\/uploads\/2019\/02\/text-img.jpg","type":"","width":"","height":""}],"twitter_card":"summary_large_image","twitter_misc":{"Gesch\u00e4tzte Lesezeit":"4\u00a0Minuten"},"schema":{"@context":"https:\/\/schema.org","@graph":[{"@type":"WebPage","@id":"https:\/\/www.staging.ackermann-institutet.se\/de\/behandlung\/ruckenschmerzen\/","url":"https:\/\/www.staging.ackermann-institutet.se\/de\/behandlung\/ruckenschmerzen\/","name":"R\u00fcckenschmerzen \u2013 Ackermann Institut","isPartOf":{"@id":"https:\/\/www.staging.ackermann-institutet.se\/#website"},"primaryImageOfPage":{"@id":"https:\/\/www.staging.ackermann-institutet.se\/de\/behandlung\/ruckenschmerzen\/#primaryimage"},"image":{"@id":"https:\/\/www.staging.ackermann-institutet.se\/de\/behandlung\/ruckenschmerzen\/#primaryimage"},"thumbnailUrl":"https:\/\/www.staging.ackermann-institutet.se\/wp-content\/uploads\/2019\/02\/text-img.jpg","datePublished":"2019-03-27T07:28:07+00:00","dateModified":"2019-03-29T07:03:59+00:00","breadcrumb":{"@id":"https:\/\/www.staging.ackermann-institutet.se\/de\/behandlung\/ruckenschmerzen\/#breadcrumb"},"inLanguage":"de","potentialAction":[{"@type":"ReadAction","target":["https:\/\/www.staging.ackermann-institutet.se\/de\/behandlung\/ruckenschmerzen\/"]}]},{"@type":"ImageObject","inLanguage":"de","@id":"https:\/\/www.staging.ackermann-institutet.se\/de\/behandlung\/ruckenschmerzen\/#primaryimage","url":"https:\/\/www.staging.ackermann-institutet.se\/wp-content\/uploads\/2019\/02\/text-img.jpg","contentUrl":"https:\/\/www.staging.ackermann-institutet.se\/wp-content\/uploads\/2019\/02\/text-img.jpg"},{"@type":"BreadcrumbList","@id":"https:\/\/www.staging.ackermann-institutet.se\/de\/behandlung\/ruckenschmerzen\/#breadcrumb","itemListElement":[{"@type":"ListItem","position":1,"name":"Home","item":"https:\/\/www.staging.ackermann-institutet.se\/de\/"},{"@type":"ListItem","position":2,"name":"Behandlung","item":"https:\/\/www.staging.ackermann-institutet.se\/de\/behandlung\/"},{"@type":"ListItem","position":3,"name":"R\u00fcckenschmerzen"}]},{"@type":"WebSite","@id":"https:\/\/www.staging.ackermann-institutet.se\/#website","url":"https:\/\/www.staging.ackermann-institutet.se\/","name":"Ackermann Institutet","description":"Tagline: Ackermann Institutet","publisher":{"@id":"https:\/\/www.staging.ackermann-institutet.se\/#organization"},"potentialAction":[{"@type":"SearchAction","target":{"@type":"EntryPoint","urlTemplate":"https:\/\/www.staging.ackermann-institutet.se\/?s={search_term_string}"},"query-input":{"@type":"PropertyValueSpecification","valueRequired":true,"valueName":"search_term_string"}}],"inLanguage":"de"},{"@type":"Organization","@id":"https:\/\/www.staging.ackermann-institutet.se\/#organization","name":"Ackermann Institutet","url":"https:\/\/www.staging.ackermann-institutet.se\/","logo":{"@type":"ImageObject","inLanguage":"de","@id":"https:\/\/www.staging.ackermann-institutet.se\/#\/schema\/logo\/image\/","url":"https:\/\/www.staging.ackermann-institutet.se\/wp-content\/uploads\/2019\/02\/logo-2-2.png","contentUrl":"https:\/\/www.staging.ackermann-institutet.se\/wp-content\/uploads\/2019\/02\/logo-2-2.png","width":286,"height":210,"caption":"Ackermann Institutet"},"image":{"@id":"https:\/\/www.staging.ackermann-institutet.se\/#\/schema\/logo\/image\/"}}]}},"_links":{"self":[{"href":"https:\/\/www.staging.ackermann-institutet.se\/de\/wp-json\/wp\/v2\/pages\/1567","targetHints":{"allow":["GET"]}}],"collection":[{"href":"https:\/\/www.staging.ackermann-institutet.se\/de\/wp-json\/wp\/v2\/pages"}],"about":[{"href":"https:\/\/www.staging.ackermann-institutet.se\/de\/wp-json\/wp\/v2\/types\/page"}],"author":[{"embeddable":true,"href":"https:\/\/www.staging.ackermann-institutet.se\/de\/wp-json\/wp\/v2\/users\/2"}],"replies":[{"embeddable":true,"href":"https:\/\/www.staging.ackermann-institutet.se\/de\/wp-json\/wp\/v2\/comments?post=1567"}],"version-history":[{"count":4,"href":"https:\/\/www.staging.ackermann-institutet.se\/de\/wp-json\/wp\/v2\/pages\/1567\/revisions"}],"predecessor-version":[{"id":1665,"href":"https:\/\/www.staging.ackermann-institutet.se\/de\/wp-json\/wp\/v2\/pages\/1567\/revisions\/1665"}],"up":[{"embeddable":true,"href":"https:\/\/www.staging.ackermann-institutet.se\/de\/wp-json\/wp\/v2\/pages\/1536"}],"wp:attachment":[{"href":"https:\/\/www.staging.ackermann-institutet.se\/de\/wp-json\/wp\/v2\/media?parent=1567"}],"curies":[{"name":"wp","href":"https:\/\/api.w.org\/{rel}","templated":true}]}}