{"id":1564,"date":"2019-03-27T07:13:18","date_gmt":"2019-03-27T07:13:18","guid":{"rendered":"https:\/\/www.ackermann-institutet.se\/behandling\/schmerzen-im-nacken\/"},"modified":"2019-03-29T07:03:32","modified_gmt":"2019-03-29T07:03:32","slug":"schmerzen-im-nacken","status":"publish","type":"page","link":"https:\/\/www.staging.ackermann-institutet.se\/de\/behandlung\/schmerzen-im-nacken\/","title":{"rendered":"Schmerzen-im-nacken"},"content":{"rendered":"\r\n<h1>Schmerzen im Nacken<\/h1>\r\n<p><a role=\"button\" href=\"mailto:info@ackermann-institutet.se\" target=\"_blank\" rel=\"noopener\"> Kontaktieren Sie uns <\/a><\/p>\r\n<ul>\r\n<li><a href=\"#first-slide\">Einleitung<\/a><\/li>\r\n<li><a href=\"#text-slide\">\u00dcber das Symptom<\/a><\/li>\r\n<\/ul>\r\n<h1>Was bedeutet es, wenn Sie Schmerzen im Nacken bekommen?<\/h1>\r\n<p>Das Ackermann-Institut behandelt j\u00e4hrlich Hunderte von PatientenInnen mit Schmerzproblemen. Nackenschmerzen sind sehr h\u00e4ufig und eine Problematik, die unsere geschulten Therapeuten lindern k\u00f6nnen.<\/p>\r\n<p>Nackenschmerzen meinen Schmerzen im Nackenbereich, die oft bis in den Kopf oder \u00fcber die Schultern ausstrahlen. Einige PatientenInnen haben mittelschwere Schmerzen, w\u00e4hrend andere starke Beschwerden erleben.<\/p>\r\n<h3>Was sind Nackenschmerzen?<\/h3>\r\n<p>Schmerzen im Nacken bedeuten, dass ein Schmerz im Halsbereich auftritt, der bis in den Kopf ausstrahlt und auch oft die Schultern betrifft. Es gibt viele verschiedene Grade von Nackenschmerzen und w\u00e4hrend einige unter geringen Schmerzen leiden, die trotzdem nicht einfach verschwinden, machen andere die Erfahrung intensiver Symptome, die pl\u00f6tzlich kommen und gehen, je nachdem, wie stark sie sich bewegen.<\/p>\r\n<h3>Wer leidet unter Nackenschmerzen?<\/h3>\r\n<p>Alle Menschen k\u00f6nnen in regelm\u00e4\u00dfigen Abst\u00e4nden unter Nackenschmerzen leiden. Sowohl M\u00e4nner als auch Frauen k\u00f6nnen einen schmerzenden Nacken bekommen. Allerdings ist es \u00fcblich, dass der Schmerz mit dem Alter zunimmt, da sich die Fehlbelastungen des Alltags erst mit der Zeit zeigen.<\/p>\r\n<p>Aber auch J\u00fcngere leiden unter R\u00fcckenschmerzen. Jedoch liegt dies h\u00e4ufig daran, dass man entweder sportlich zu hart trainiert oder an Erkrankungen leidet.<\/p>\r\n<p>Die meisten Nackenschmerzen haben keine ernsthaften Gr\u00fcnde, auch wenn sie unangenehm sind. Wenn die Schmerzen jedoch schnell kommen und gehen und nicht von alleine wieder verschwinden, sollte man \u00e4rztlichen Rat einholen, um unmittelbar sicherzustellen, dass es nichts Ernsthaftes gibt, das behandelt werden muss. Es ist sehr ungew\u00f6hnlich, dass Nackenschmerzen etwas Ernsteres bedeuten, aber Sie sollten es trotzdem immer abkl\u00e4ren lassen.<\/p>\r\n<h3>K\u00f6nnen Sie Nackenschmerzen selbst vorbeugen?<\/h3>\r\n<p>Es ist nicht immer m\u00f6glich, Nackenschmerzen zu verhindern. Aber es gibt ein paar Dinge die Sie tun k\u00f6nnen, um die tats\u00e4chlichen Risiken zu reduzieren.<\/p>\r\n<p>Beginnen Sie damit, Ihre Haltung zu kontrollieren, wenn Sie oft an Nackenschmerzen leiden. Verbringt man viel Zeit am Computer oder an einem Schreibtisch, muss man sich oft dazu zwingen, seine K\u00f6rperhaltung anzupassen, um Fehlbelastung, die Nackenschmerzen verursachen kann, vorzubeugen.<\/p>\r\n<p>Dar\u00fcber hinaus ist es immer sinnvoll zu pr\u00fcfen, ob Sie wirklich in einem optimalen Bett mit einem hochwertigen Kissen schlafen und das Schlafsystem zu Ihren Bed\u00fcrfnissen passt. Ein wirklich guter Bettenverk\u00e4ufer kann Ihnen mit Informationen zur richtigen Matratze und dem richtigen Kissen genau f\u00fcr Sie weiterhelfen.<\/p>\r\n<p>Wenn Sie Schmerzen im Nacken haben, f\u00fchlen Sie sich oft steif und angespannt im K\u00f6rper. Regelm\u00e4\u00dfige Bewegung und Aktivit\u00e4t k\u00f6nnen das Risiko, Nackenprobleme zu bekommen verringern. Es gibt gute \u00dcbungen die Sie zu Hause machen k\u00f6nnen, aber es ist immer ratsam, diese zun\u00e4chst mit einem Experten zu \u00fcben um sicherzustellen, dass diese Ihre Nackenschmerzen nicht verschlimmern.<\/p>\r\n<p><img decoding=\"async\" title=\"text-img\" data-src=\"https:\/\/www.staging.ackermann-institutet.se\/wp-content\/uploads\/2019\/02\/text-img.jpg\" alt=\"text-img\" width=\"542\" height=\"305\" src=\"data:image\/svg+xml;base64,PHN2ZyB3aWR0aD0iMSIgaGVpZ2h0PSIxIiB4bWxucz0iaHR0cDovL3d3dy53My5vcmcvMjAwMC9zdmciPjwvc3ZnPg==\" class=\"lazyload\" style=\"--smush-placeholder-width: 542px; --smush-placeholder-aspect-ratio: 542\/305;\" \/><\/p>\r\n<h3>Wie behandelt man Nackenschmerzen?<\/h3>\r\n<p>Viele Menschen mit Nackenproblemen leben tagein tagaus mit dem Schmerz, ohne etwas dagegen zu unternehmen. Sie glauben einfach, dass die einzige M\u00f6glichkeit in der Anwendung von Schmerzmitteln liegt, um die Nackenprobleme zumindest vor\u00fcbergehend zu lindern. Schmerztabletten k\u00f6nnen nat\u00fcrlich eine gute Erg\u00e4nzung sein, um leichter und beschwerdefreier mit dem Alltag umzugehen. Aber es gibt auch andere M\u00f6glichkeiten.<\/p>\r\n<p>Training ist eine davon. Zus\u00e4tzlich zu den \u00dcbungen, die Sie machen k\u00f6nnen um Ihren K\u00f6rper zu unterst\u00fctzen, gibt es heutzutage noch weitere Behandlungsm\u00f6glichkeiten.<\/p>\r\n<p>Eine gute Alternative ist, sich an einen Spezialisten zu wenden, der die Nackenschmerzen z.B. durch Chiropraktik, Physiotherapie oder mit Hilfe von Akupunktur behandeln kann. All das wurde fr\u00fcher als alternative Behandlung bezeichnet. Heute sind sie jedoch eine unter vielen Behandlungsm\u00f6glichkeiten. Auch die Wissenschaft sieht viele Vorteile in diesen praktischen Anwendungsgebieten.<\/p>\r\n<p>Ein qualifizierter Therapeut kann eine Vielzahl von Behandlungen mit Ihnen ausprobieren, um den Schmerz zu reduzieren. Wie viele Besuche Sie ben\u00f6tigen, h\u00e4ngt von der Schwere des Nackenproblems ab. Aber es ist heutzutage eine Tatsache, dass die Behandlung in den meisten F\u00e4llen hilft.<\/p>\r\n<h3>Wo kann ich Hilfe f\u00fcr meine Nackenschmerzen finden?<\/h3>\r\n<p>Heute gibt es viele Kliniken, die Nackenprobleme verschiedener Art behandeln k\u00f6nnen. Wer effektive Hilfe bei Nackenschmerzen sucht, sollte immer gr\u00fcndlich recherchieren, um einen seri\u00f6sen Therapeuten zu finden, der tats\u00e4chliche Resultate erzielen kann. Das Ackermann-Institut verf\u00fcgt \u00fcber langj\u00e4hrige Erfahrungen mit PatientenInnen mit Nackenproblemen verschiedenster Art und ist bekannt f\u00fcr seine Professionalit\u00e4t, kombiniert mit echten Interesse an den einzelnen PatientenInnen.<\/p>\r\n<p>Wir beim Ackermann-Institut sind von der Notwendigkeit \u00fcberzeugt, uns die Zeit zu nehmen\u00a0um\u00a0jedem Patienten individuell zuzuh\u00f6ren. Nur so k\u00f6nnen wir uns\u00a0 eine Meinung \u00fcber die Art der Nackenschmerzen\u00a0bilden und einen Plan zur Behandlung der Schmerzen erstellen.<\/p>\r\n<p>Durch die Kontaktaufnahme zu uns k\u00f6nnen Sie erwarten, dass Sie einen individuell zugeschnittenen Behandlungsplan erhalten, um so Ihre Probleme zu reduzieren und einen reibungsloseren und schmerzfreien Alltag zu erleben.\u00a0<a href=\"http:\/\/www.ackermann-institutet.se\/de\/therapeuten\/\">Hier\u00a0k\u00f6nnen Sie einen Ackermann-Therapeuten in Ihrer N\u00e4he finden.<\/a><\/p>\r\n","protected":false},"excerpt":{"rendered":"<p>Schmerzen im Nacken Kontaktieren Sie uns Einleitung \u00dcber das Symptom Was bedeutet es, wenn Sie Schmerzen im Nacken bekommen? Das Ackermann-Institut behandelt j\u00e4hrlich Hunderte von PatientenInnen mit Schmerzproblemen. Nackenschmerzen sind sehr h\u00e4ufig und eine Problematik, die unsere geschulten Therapeuten lindern k\u00f6nnen. Nackenschmerzen meinen Schmerzen im Nackenbereich, die oft bis in den Kopf oder \u00fcber die &#8230; <a title=\"Schmerzen-im-nacken\" class=\"read-more\" href=\"https:\/\/www.staging.ackermann-institutet.se\/de\/behandlung\/schmerzen-im-nacken\/\" aria-label=\"Mehr Informationen \u00fcber Schmerzen-im-nacken\">Weiterlesen<\/a><\/p>\n","protected":false},"author":2,"featured_media":0,"parent":1536,"menu_order":0,"comment_status":"closed","ping_status":"closed","template":"","meta":{"om_disable_all_campaigns":false,"_monsterinsights_skip_tracking":false,"_monsterinsights_sitenote_active":false,"_monsterinsights_sitenote_note":"","_monsterinsights_sitenote_category":0,"_uf_show_specific_survey":0,"_uf_disable_surveys":false,"footnotes":""},"class_list":["post-1564","page","type-page","status-publish"],"acf":[],"yoast_head":"<!-- This site is optimized with the Yoast SEO plugin v25.8 - https:\/\/yoast.com\/wordpress\/plugins\/seo\/ -->\n<title>Schmerzen im Nacken \u2013 Ackermann Institut<\/title>\n<meta name=\"robots\" content=\"noindex, follow, max-snippet:-1, max-image-preview:large, max-video-preview:-1\" \/>\n<meta property=\"og:locale\" content=\"de_DE\" \/>\n<meta property=\"og:type\" content=\"article\" \/>\n<meta property=\"og:title\" content=\"Schmerzen im Nacken \u2013 Ackermann Institut\" \/>\n<meta property=\"og:description\" content=\"Schmerzen im Nacken Kontaktieren Sie uns Einleitung \u00dcber das Symptom Was bedeutet es, wenn Sie Schmerzen im Nacken bekommen? Das Ackermann-Institut behandelt j\u00e4hrlich Hunderte von PatientenInnen mit Schmerzproblemen. Nackenschmerzen sind sehr h\u00e4ufig und eine Problematik, die unsere geschulten Therapeuten lindern k\u00f6nnen. Nackenschmerzen meinen Schmerzen im Nackenbereich, die oft bis in den Kopf oder \u00fcber die ... Weiterlesen\" \/>\n<meta property=\"og:url\" content=\"https:\/\/www.staging.ackermann-institutet.se\/de\/behandlung\/schmerzen-im-nacken\/\" \/>\n<meta property=\"og:site_name\" content=\"Ackermann Institutet\" \/>\n<meta property=\"article:modified_time\" content=\"2019-03-29T07:03:32+00:00\" \/>\n<meta property=\"og:image\" content=\"https:\/\/www.staging.ackermann-institutet.se\/wp-content\/uploads\/2019\/02\/text-img.jpg\" \/>\n<meta name=\"twitter:card\" content=\"summary_large_image\" \/>\n<meta name=\"twitter:label1\" content=\"Gesch\u00e4tzte Lesezeit\" \/>\n\t<meta name=\"twitter:data1\" content=\"4\u00a0Minuten\" \/>\n<script type=\"application\/ld+json\" class=\"yoast-schema-graph\">{\"@context\":\"https:\/\/schema.org\",\"@graph\":[{\"@type\":\"WebPage\",\"@id\":\"https:\/\/www.staging.ackermann-institutet.se\/de\/behandlung\/schmerzen-im-nacken\/\",\"url\":\"https:\/\/www.staging.ackermann-institutet.se\/de\/behandlung\/schmerzen-im-nacken\/\",\"name\":\"Schmerzen im Nacken \u2013 Ackermann Institut\",\"isPartOf\":{\"@id\":\"https:\/\/www.staging.ackermann-institutet.se\/#website\"},\"primaryImageOfPage\":{\"@id\":\"https:\/\/www.staging.ackermann-institutet.se\/de\/behandlung\/schmerzen-im-nacken\/#primaryimage\"},\"image\":{\"@id\":\"https:\/\/www.staging.ackermann-institutet.se\/de\/behandlung\/schmerzen-im-nacken\/#primaryimage\"},\"thumbnailUrl\":\"https:\/\/www.staging.ackermann-institutet.se\/wp-content\/uploads\/2019\/02\/text-img.jpg\",\"datePublished\":\"2019-03-27T07:13:18+00:00\",\"dateModified\":\"2019-03-29T07:03:32+00:00\",\"breadcrumb\":{\"@id\":\"https:\/\/www.staging.ackermann-institutet.se\/de\/behandlung\/schmerzen-im-nacken\/#breadcrumb\"},\"inLanguage\":\"de\",\"potentialAction\":[{\"@type\":\"ReadAction\",\"target\":[\"https:\/\/www.staging.ackermann-institutet.se\/de\/behandlung\/schmerzen-im-nacken\/\"]}]},{\"@type\":\"ImageObject\",\"inLanguage\":\"de\",\"@id\":\"https:\/\/www.staging.ackermann-institutet.se\/de\/behandlung\/schmerzen-im-nacken\/#primaryimage\",\"url\":\"https:\/\/www.staging.ackermann-institutet.se\/wp-content\/uploads\/2019\/02\/text-img.jpg\",\"contentUrl\":\"https:\/\/www.staging.ackermann-institutet.se\/wp-content\/uploads\/2019\/02\/text-img.jpg\"},{\"@type\":\"BreadcrumbList\",\"@id\":\"https:\/\/www.staging.ackermann-institutet.se\/de\/behandlung\/schmerzen-im-nacken\/#breadcrumb\",\"itemListElement\":[{\"@type\":\"ListItem\",\"position\":1,\"name\":\"Home\",\"item\":\"https:\/\/www.staging.ackermann-institutet.se\/de\/\"},{\"@type\":\"ListItem\",\"position\":2,\"name\":\"Behandlung\",\"item\":\"https:\/\/www.staging.ackermann-institutet.se\/de\/behandlung\/\"},{\"@type\":\"ListItem\",\"position\":3,\"name\":\"Schmerzen-im-nacken\"}]},{\"@type\":\"WebSite\",\"@id\":\"https:\/\/www.staging.ackermann-institutet.se\/#website\",\"url\":\"https:\/\/www.staging.ackermann-institutet.se\/\",\"name\":\"Ackermann Institutet\",\"description\":\"Tagline: Ackermann Institutet\",\"publisher\":{\"@id\":\"https:\/\/www.staging.ackermann-institutet.se\/#organization\"},\"potentialAction\":[{\"@type\":\"SearchAction\",\"target\":{\"@type\":\"EntryPoint\",\"urlTemplate\":\"https:\/\/www.staging.ackermann-institutet.se\/?s={search_term_string}\"},\"query-input\":{\"@type\":\"PropertyValueSpecification\",\"valueRequired\":true,\"valueName\":\"search_term_string\"}}],\"inLanguage\":\"de\"},{\"@type\":\"Organization\",\"@id\":\"https:\/\/www.staging.ackermann-institutet.se\/#organization\",\"name\":\"Ackermann Institutet\",\"url\":\"https:\/\/www.staging.ackermann-institutet.se\/\",\"logo\":{\"@type\":\"ImageObject\",\"inLanguage\":\"de\",\"@id\":\"https:\/\/www.staging.ackermann-institutet.se\/#\/schema\/logo\/image\/\",\"url\":\"https:\/\/www.staging.ackermann-institutet.se\/wp-content\/uploads\/2019\/02\/logo-2-2.png\",\"contentUrl\":\"https:\/\/www.staging.ackermann-institutet.se\/wp-content\/uploads\/2019\/02\/logo-2-2.png\",\"width\":286,\"height\":210,\"caption\":\"Ackermann Institutet\"},\"image\":{\"@id\":\"https:\/\/www.staging.ackermann-institutet.se\/#\/schema\/logo\/image\/\"}}]}<\/script>\n<!-- \/ Yoast SEO plugin. -->","yoast_head_json":{"title":"Schmerzen im Nacken \u2013 Ackermann Institut","robots":{"index":"noindex","follow":"follow","max-snippet":"max-snippet:-1","max-image-preview":"max-image-preview:large","max-video-preview":"max-video-preview:-1"},"og_locale":"de_DE","og_type":"article","og_title":"Schmerzen im Nacken \u2013 Ackermann Institut","og_description":"Schmerzen im Nacken Kontaktieren Sie uns Einleitung \u00dcber das Symptom Was bedeutet es, wenn Sie Schmerzen im Nacken bekommen? Das Ackermann-Institut behandelt j\u00e4hrlich Hunderte von PatientenInnen mit Schmerzproblemen. Nackenschmerzen sind sehr h\u00e4ufig und eine Problematik, die unsere geschulten Therapeuten lindern k\u00f6nnen. Nackenschmerzen meinen Schmerzen im Nackenbereich, die oft bis in den Kopf oder \u00fcber die ... Weiterlesen","og_url":"https:\/\/www.staging.ackermann-institutet.se\/de\/behandlung\/schmerzen-im-nacken\/","og_site_name":"Ackermann Institutet","article_modified_time":"2019-03-29T07:03:32+00:00","og_image":[{"url":"https:\/\/www.staging.ackermann-institutet.se\/wp-content\/uploads\/2019\/02\/text-img.jpg","type":"","width":"","height":""}],"twitter_card":"summary_large_image","twitter_misc":{"Gesch\u00e4tzte Lesezeit":"4\u00a0Minuten"},"schema":{"@context":"https:\/\/schema.org","@graph":[{"@type":"WebPage","@id":"https:\/\/www.staging.ackermann-institutet.se\/de\/behandlung\/schmerzen-im-nacken\/","url":"https:\/\/www.staging.ackermann-institutet.se\/de\/behandlung\/schmerzen-im-nacken\/","name":"Schmerzen im Nacken \u2013 Ackermann Institut","isPartOf":{"@id":"https:\/\/www.staging.ackermann-institutet.se\/#website"},"primaryImageOfPage":{"@id":"https:\/\/www.staging.ackermann-institutet.se\/de\/behandlung\/schmerzen-im-nacken\/#primaryimage"},"image":{"@id":"https:\/\/www.staging.ackermann-institutet.se\/de\/behandlung\/schmerzen-im-nacken\/#primaryimage"},"thumbnailUrl":"https:\/\/www.staging.ackermann-institutet.se\/wp-content\/uploads\/2019\/02\/text-img.jpg","datePublished":"2019-03-27T07:13:18+00:00","dateModified":"2019-03-29T07:03:32+00:00","breadcrumb":{"@id":"https:\/\/www.staging.ackermann-institutet.se\/de\/behandlung\/schmerzen-im-nacken\/#breadcrumb"},"inLanguage":"de","potentialAction":[{"@type":"ReadAction","target":["https:\/\/www.staging.ackermann-institutet.se\/de\/behandlung\/schmerzen-im-nacken\/"]}]},{"@type":"ImageObject","inLanguage":"de","@id":"https:\/\/www.staging.ackermann-institutet.se\/de\/behandlung\/schmerzen-im-nacken\/#primaryimage","url":"https:\/\/www.staging.ackermann-institutet.se\/wp-content\/uploads\/2019\/02\/text-img.jpg","contentUrl":"https:\/\/www.staging.ackermann-institutet.se\/wp-content\/uploads\/2019\/02\/text-img.jpg"},{"@type":"BreadcrumbList","@id":"https:\/\/www.staging.ackermann-institutet.se\/de\/behandlung\/schmerzen-im-nacken\/#breadcrumb","itemListElement":[{"@type":"ListItem","position":1,"name":"Home","item":"https:\/\/www.staging.ackermann-institutet.se\/de\/"},{"@type":"ListItem","position":2,"name":"Behandlung","item":"https:\/\/www.staging.ackermann-institutet.se\/de\/behandlung\/"},{"@type":"ListItem","position":3,"name":"Schmerzen-im-nacken"}]},{"@type":"WebSite","@id":"https:\/\/www.staging.ackermann-institutet.se\/#website","url":"https:\/\/www.staging.ackermann-institutet.se\/","name":"Ackermann Institutet","description":"Tagline: Ackermann Institutet","publisher":{"@id":"https:\/\/www.staging.ackermann-institutet.se\/#organization"},"potentialAction":[{"@type":"SearchAction","target":{"@type":"EntryPoint","urlTemplate":"https:\/\/www.staging.ackermann-institutet.se\/?s={search_term_string}"},"query-input":{"@type":"PropertyValueSpecification","valueRequired":true,"valueName":"search_term_string"}}],"inLanguage":"de"},{"@type":"Organization","@id":"https:\/\/www.staging.ackermann-institutet.se\/#organization","name":"Ackermann Institutet","url":"https:\/\/www.staging.ackermann-institutet.se\/","logo":{"@type":"ImageObject","inLanguage":"de","@id":"https:\/\/www.staging.ackermann-institutet.se\/#\/schema\/logo\/image\/","url":"https:\/\/www.staging.ackermann-institutet.se\/wp-content\/uploads\/2019\/02\/logo-2-2.png","contentUrl":"https:\/\/www.staging.ackermann-institutet.se\/wp-content\/uploads\/2019\/02\/logo-2-2.png","width":286,"height":210,"caption":"Ackermann Institutet"},"image":{"@id":"https:\/\/www.staging.ackermann-institutet.se\/#\/schema\/logo\/image\/"}}]}},"_links":{"self":[{"href":"https:\/\/www.staging.ackermann-institutet.se\/de\/wp-json\/wp\/v2\/pages\/1564","targetHints":{"allow":["GET"]}}],"collection":[{"href":"https:\/\/www.staging.ackermann-institutet.se\/de\/wp-json\/wp\/v2\/pages"}],"about":[{"href":"https:\/\/www.staging.ackermann-institutet.se\/de\/wp-json\/wp\/v2\/types\/page"}],"author":[{"embeddable":true,"href":"https:\/\/www.staging.ackermann-institutet.se\/de\/wp-json\/wp\/v2\/users\/2"}],"replies":[{"embeddable":true,"href":"https:\/\/www.staging.ackermann-institutet.se\/de\/wp-json\/wp\/v2\/comments?post=1564"}],"version-history":[{"count":3,"href":"https:\/\/www.staging.ackermann-institutet.se\/de\/wp-json\/wp\/v2\/pages\/1564\/revisions"}],"predecessor-version":[{"id":1664,"href":"https:\/\/www.staging.ackermann-institutet.se\/de\/wp-json\/wp\/v2\/pages\/1564\/revisions\/1664"}],"up":[{"embeddable":true,"href":"https:\/\/www.staging.ackermann-institutet.se\/de\/wp-json\/wp\/v2\/pages\/1536"}],"wp:attachment":[{"href":"https:\/\/www.staging.ackermann-institutet.se\/de\/wp-json\/wp\/v2\/media?parent=1564"}],"curies":[{"name":"wp","href":"https:\/\/api.w.org\/{rel}","templated":true}]}}