{"id":1516,"date":"2019-03-22T10:12:03","date_gmt":"2019-03-22T10:12:03","guid":{"rendered":"https:\/\/www.ackermann-institutet.se\/startseite\/"},"modified":"2021-03-11T14:30:42","modified_gmt":"2021-03-11T14:30:42","slug":"startseite","status":"publish","type":"page","link":"https:\/\/www.staging.ackermann-institutet.se\/de\/","title":{"rendered":"Startseite"},"content":{"rendered":"<h1>\n\t\tAckermann Institut\n\t<\/h1>\n\t<p>Das Ackermann Institut ist eine etablierte und bew\u00e4hrte Anlaufstelle f\u00fcr alle, die effektive Hilfe gegen Schmerzen im Bewegungsapparat, in den Muskeln und Gelenken suchen.<\/p>\n<p>Wir sind ein renommiertes medizinisches und komplement\u00e4rmedizinisches Institut in Stockholm mit \u00fcber 40 Jahren Erfahrung. Neben unserer t\u00e4glichen Arbeit in Praxis und Forschung bieten wir auch Weiterbildungen in struktureller Osteopathie und sanfter Chiropraktik an. Beim Ackermann Institut treffen Sie auf erfahrene Dozenten und Mitarbeiter mit einem gro\u00dfen Fachwissen in ihren Gebieten.<\/p>\n\t\t\t<a href=\"http:\/\/www.ackermann-institutet.se\/de\/ausbildung\/\" target=\"_self\" role=\"button\">\n\t\t\t\t\t\t\tAusbildung\n\t\t\t\t\t<\/a>\n<h2>\n\t<\/h2>\n\t<ul><li><a href=\"#first-slide\">Ackermann Institut<\/a><\/li><li><a href=\"#second-slide\">Ausbildung<\/a><\/li><li><a href=\"#third-slide\">Behandlung<\/a><\/li><li><a href=\"#fourth-slide\">Produkte<\/a><\/li><li><a href=\"#footer\">Kontaktieren Sie uns<\/a><\/li><\/ul>\n<h1>\n\t\tAusbildung\n\t<\/h1>\n\t<p>Unsere Kurse in struktureller Osteopathie und sanfter Chiropraktik bieten Ihnen ein erfolgreiches und bew\u00e4hrtes Behandlungskonzept, mit dem Sie sofort nach dem Kurs selbstst\u00e4ndig in Ihrer Praxis arbeiten k\u00f6nnen.<\/p>\n\t<p>Das Ackermann College ist eine gute Wahl f\u00fcr \u00c4rzte, Heilpraktiker und Physiotherapeuten, die sich f\u00fcr ihre Arbeit an Patienten mit Schmerzproblemen in R\u00fccken, Gelenken und Muskeln weiterbilden m\u00f6chten.<\/p>\n\t\t\t<a href=\"http:\/\/www.ackermann-institutet.se\/de\/ausbildung\/\" target=\"_self\" role=\"button\">\n\t\t\t\t\t\t\tInformation\n\t\t\t\t\t<\/a>\n\t\t\t<a href=\"\/ackermann?page_id=508&#038;lang=sv\" target=\"_self\" role=\"button\">\n\t\t\t\t\t\t\tLiterature\n\t\t\t<\/a>\n\t\t\t\t<img decoding=\"async\" data-src=\"https:\/\/emsdesignwebbserver.se\/ackermann\/wp-content\/uploads\/2019\/02\/second.png\" alt=\"second\" itemprop=\"image\" title=\"second\" onerror=\"this.style.display='none'\" src=\"data:image\/svg+xml;base64,PHN2ZyB3aWR0aD0iMSIgaGVpZ2h0PSIxIiB4bWxucz0iaHR0cDovL3d3dy53My5vcmcvMjAwMC9zdmciPjwvc3ZnPg==\" class=\"lazyload\" \/>\n<h1>\n\t\tBehandlung\n\t<\/h1>\n\t<p>Wir bieten Ihnen effiziente, evidenzbasierte und durch internationale Leitlinien empfohlene Behandlungsmethoden an, um Funktionsst\u00f6rungen behandeln zu k\u00f6nnen.<\/p>\n\t\t\t<a href=\"http:\/\/www.ackermann-institutet.se\/sv\/behandling\/\" target=\"_self\" role=\"button\">\n\t\t\t\t\t\t\tBehandlung buchen\n\t\t\t<\/a>\n<h1>\n\t\tProdukte\n\t<\/h1>\n\t<p>Das Ackermann Institut unterst\u00fctzt Sie auch in Ihrer Praxis. Neben Praxiskleidung und Liegenauflagen finden Sie im Webshop des Instituts insbesondere Fachb\u00fccher und Lehr-DVDs zur Ackermann-Methode.<\/p>\n\t<p>Informative Wandtafeln erm\u00f6glichen dem Patienten einen Einblick in die Zusammenh\u00e4nge im Bewegungsapparat und ein besseres Verst\u00e4ndnis Ihrer Behandlung.<\/p>\n\t\t\t<a href=\"http:\/\/www.ackermann-store.se\/de\/\" target=\"_blank\" role=\"button\" rel=\"noopener\" >\n\t\t\t\t\t\t\tGehen Sie zum Webshop\n\t\t\t<\/a>\n\t\t\t\t<img decoding=\"async\" data-src=\"https:\/\/emsdesignwebbserver.se\/ackermann\/wp-content\/uploads\/2019\/02\/book.png\" alt=\"book\" itemprop=\"image\" title=\"book\" onerror=\"this.style.display='none'\" src=\"data:image\/svg+xml;base64,PHN2ZyB3aWR0aD0iMSIgaGVpZ2h0PSIxIiB4bWxucz0iaHR0cDovL3d3dy53My5vcmcvMjAwMC9zdmciPjwvc3ZnPg==\" class=\"lazyload\" \/>\n","protected":false},"excerpt":{"rendered":"<p>Ackermann Institut Das Ackermann Institut ist eine etablierte und bew\u00e4hrte Anlaufstelle f\u00fcr alle, die effektive Hilfe gegen Schmerzen im Bewegungsapparat, in den Muskeln und Gelenken suchen. Wir sind ein renommiertes medizinisches und komplement\u00e4rmedizinisches Institut in Stockholm mit \u00fcber 40 Jahren Erfahrung. Neben unserer t\u00e4glichen Arbeit in Praxis und Forschung bieten wir auch Weiterbildungen in struktureller &#8230; <a title=\"Startseite\" class=\"read-more\" href=\"https:\/\/www.staging.ackermann-institutet.se\/de\/\" aria-label=\"Mehr Informationen \u00fcber Startseite\">Weiterlesen<\/a><\/p>\n","protected":false},"author":2,"featured_media":0,"parent":0,"menu_order":0,"comment_status":"closed","ping_status":"closed","template":"","meta":{"om_disable_all_campaigns":false,"_monsterinsights_skip_tracking":false,"_monsterinsights_sitenote_active":false,"_monsterinsights_sitenote_note":"","_monsterinsights_sitenote_category":0,"_uf_show_specific_survey":0,"_uf_disable_surveys":false,"footnotes":""},"class_list":["post-1516","page","type-page","status-publish"],"acf":[],"yoast_head":"<!-- This site is optimized with the Yoast SEO plugin v25.8 - https:\/\/yoast.com\/wordpress\/plugins\/seo\/ -->\n<title>Ackermann Institut<\/title>\n<meta name=\"robots\" content=\"noindex, follow, max-snippet:-1, max-image-preview:large, max-video-preview:-1\" \/>\n<meta property=\"og:locale\" content=\"de_DE\" \/>\n<meta property=\"og:type\" content=\"article\" \/>\n<meta property=\"og:title\" content=\"Ackermann Institut\" \/>\n<meta property=\"og:description\" content=\"Ackermann Institut Das Ackermann Institut ist eine etablierte und bew\u00e4hrte Anlaufstelle f\u00fcr alle, die effektive Hilfe gegen Schmerzen im Bewegungsapparat, in den Muskeln und Gelenken suchen. Wir sind ein renommiertes medizinisches und komplement\u00e4rmedizinisches Institut in Stockholm mit \u00fcber 40 Jahren Erfahrung. Neben unserer t\u00e4glichen Arbeit in Praxis und Forschung bieten wir auch Weiterbildungen in struktureller ... Weiterlesen\" \/>\n<meta property=\"og:url\" content=\"https:\/\/www.staging.ackermann-institutet.se\/de\/\" \/>\n<meta property=\"og:site_name\" content=\"Ackermann Institutet\" \/>\n<meta property=\"article:modified_time\" content=\"2021-03-11T14:30:42+00:00\" \/>\n<meta property=\"og:image\" content=\"https:\/\/emsdesignwebbserver.se\/ackermann\/wp-content\/uploads\/2019\/02\/second.png\" \/>\n<meta name=\"twitter:card\" content=\"summary_large_image\" \/>\n<meta name=\"twitter:label1\" content=\"Gesch\u00e4tzte Lesezeit\" \/>\n\t<meta name=\"twitter:data1\" content=\"1\u00a0Minute\" \/>\n<script type=\"application\/ld+json\" class=\"yoast-schema-graph\">{\"@context\":\"https:\/\/schema.org\",\"@graph\":[{\"@type\":\"WebPage\",\"@id\":\"https:\/\/www.staging.ackermann-institutet.se\/de\/\",\"url\":\"https:\/\/www.staging.ackermann-institutet.se\/de\/\",\"name\":\"Ackermann Institut\",\"isPartOf\":{\"@id\":\"https:\/\/www.staging.ackermann-institutet.se\/#website\"},\"primaryImageOfPage\":{\"@id\":\"https:\/\/www.staging.ackermann-institutet.se\/de\/#primaryimage\"},\"image\":{\"@id\":\"https:\/\/www.staging.ackermann-institutet.se\/de\/#primaryimage\"},\"thumbnailUrl\":\"https:\/\/emsdesignwebbserver.se\/ackermann\/wp-content\/uploads\/2019\/02\/second.png\",\"datePublished\":\"2019-03-22T10:12:03+00:00\",\"dateModified\":\"2021-03-11T14:30:42+00:00\",\"breadcrumb\":{\"@id\":\"https:\/\/www.staging.ackermann-institutet.se\/de\/#breadcrumb\"},\"inLanguage\":\"de\",\"potentialAction\":[{\"@type\":\"ReadAction\",\"target\":[\"https:\/\/www.staging.ackermann-institutet.se\/de\/\"]}]},{\"@type\":\"ImageObject\",\"inLanguage\":\"de\",\"@id\":\"https:\/\/www.staging.ackermann-institutet.se\/de\/#primaryimage\",\"url\":\"https:\/\/emsdesignwebbserver.se\/ackermann\/wp-content\/uploads\/2019\/02\/second.png\",\"contentUrl\":\"https:\/\/emsdesignwebbserver.se\/ackermann\/wp-content\/uploads\/2019\/02\/second.png\"},{\"@type\":\"BreadcrumbList\",\"@id\":\"https:\/\/www.staging.ackermann-institutet.se\/de\/#breadcrumb\",\"itemListElement\":[{\"@type\":\"ListItem\",\"position\":1,\"name\":\"Home\",\"item\":\"https:\/\/www.staging.ackermann-institutet.se\/de\/\"},{\"@type\":\"ListItem\",\"position\":2,\"name\":\"Startseite\"}]},{\"@type\":\"WebSite\",\"@id\":\"https:\/\/www.staging.ackermann-institutet.se\/#website\",\"url\":\"https:\/\/www.staging.ackermann-institutet.se\/\",\"name\":\"Ackermann Institutet\",\"description\":\"Tagline: Ackermann Institutet\",\"publisher\":{\"@id\":\"https:\/\/www.staging.ackermann-institutet.se\/#organization\"},\"potentialAction\":[{\"@type\":\"SearchAction\",\"target\":{\"@type\":\"EntryPoint\",\"urlTemplate\":\"https:\/\/www.staging.ackermann-institutet.se\/?s={search_term_string}\"},\"query-input\":{\"@type\":\"PropertyValueSpecification\",\"valueRequired\":true,\"valueName\":\"search_term_string\"}}],\"inLanguage\":\"de\"},{\"@type\":\"Organization\",\"@id\":\"https:\/\/www.staging.ackermann-institutet.se\/#organization\",\"name\":\"Ackermann Institutet\",\"url\":\"https:\/\/www.staging.ackermann-institutet.se\/\",\"logo\":{\"@type\":\"ImageObject\",\"inLanguage\":\"de\",\"@id\":\"https:\/\/www.staging.ackermann-institutet.se\/#\/schema\/logo\/image\/\",\"url\":\"https:\/\/www.staging.ackermann-institutet.se\/wp-content\/uploads\/2019\/02\/logo-2-2.png\",\"contentUrl\":\"https:\/\/www.staging.ackermann-institutet.se\/wp-content\/uploads\/2019\/02\/logo-2-2.png\",\"width\":286,\"height\":210,\"caption\":\"Ackermann Institutet\"},\"image\":{\"@id\":\"https:\/\/www.staging.ackermann-institutet.se\/#\/schema\/logo\/image\/\"}}]}<\/script>\n<!-- \/ Yoast SEO plugin. -->","yoast_head_json":{"title":"Ackermann Institut","robots":{"index":"noindex","follow":"follow","max-snippet":"max-snippet:-1","max-image-preview":"max-image-preview:large","max-video-preview":"max-video-preview:-1"},"og_locale":"de_DE","og_type":"article","og_title":"Ackermann Institut","og_description":"Ackermann Institut Das Ackermann Institut ist eine etablierte und bew\u00e4hrte Anlaufstelle f\u00fcr alle, die effektive Hilfe gegen Schmerzen im Bewegungsapparat, in den Muskeln und Gelenken suchen. Wir sind ein renommiertes medizinisches und komplement\u00e4rmedizinisches Institut in Stockholm mit \u00fcber 40 Jahren Erfahrung. Neben unserer t\u00e4glichen Arbeit in Praxis und Forschung bieten wir auch Weiterbildungen in struktureller ... Weiterlesen","og_url":"https:\/\/www.staging.ackermann-institutet.se\/de\/","og_site_name":"Ackermann Institutet","article_modified_time":"2021-03-11T14:30:42+00:00","og_image":[{"url":"https:\/\/emsdesignwebbserver.se\/ackermann\/wp-content\/uploads\/2019\/02\/second.png","type":"","width":"","height":""}],"twitter_card":"summary_large_image","twitter_misc":{"Gesch\u00e4tzte Lesezeit":"1\u00a0Minute"},"schema":{"@context":"https:\/\/schema.org","@graph":[{"@type":"WebPage","@id":"https:\/\/www.staging.ackermann-institutet.se\/de\/","url":"https:\/\/www.staging.ackermann-institutet.se\/de\/","name":"Ackermann Institut","isPartOf":{"@id":"https:\/\/www.staging.ackermann-institutet.se\/#website"},"primaryImageOfPage":{"@id":"https:\/\/www.staging.ackermann-institutet.se\/de\/#primaryimage"},"image":{"@id":"https:\/\/www.staging.ackermann-institutet.se\/de\/#primaryimage"},"thumbnailUrl":"https:\/\/emsdesignwebbserver.se\/ackermann\/wp-content\/uploads\/2019\/02\/second.png","datePublished":"2019-03-22T10:12:03+00:00","dateModified":"2021-03-11T14:30:42+00:00","breadcrumb":{"@id":"https:\/\/www.staging.ackermann-institutet.se\/de\/#breadcrumb"},"inLanguage":"de","potentialAction":[{"@type":"ReadAction","target":["https:\/\/www.staging.ackermann-institutet.se\/de\/"]}]},{"@type":"ImageObject","inLanguage":"de","@id":"https:\/\/www.staging.ackermann-institutet.se\/de\/#primaryimage","url":"https:\/\/emsdesignwebbserver.se\/ackermann\/wp-content\/uploads\/2019\/02\/second.png","contentUrl":"https:\/\/emsdesignwebbserver.se\/ackermann\/wp-content\/uploads\/2019\/02\/second.png"},{"@type":"BreadcrumbList","@id":"https:\/\/www.staging.ackermann-institutet.se\/de\/#breadcrumb","itemListElement":[{"@type":"ListItem","position":1,"name":"Home","item":"https:\/\/www.staging.ackermann-institutet.se\/de\/"},{"@type":"ListItem","position":2,"name":"Startseite"}]},{"@type":"WebSite","@id":"https:\/\/www.staging.ackermann-institutet.se\/#website","url":"https:\/\/www.staging.ackermann-institutet.se\/","name":"Ackermann Institutet","description":"Tagline: Ackermann Institutet","publisher":{"@id":"https:\/\/www.staging.ackermann-institutet.se\/#organization"},"potentialAction":[{"@type":"SearchAction","target":{"@type":"EntryPoint","urlTemplate":"https:\/\/www.staging.ackermann-institutet.se\/?s={search_term_string}"},"query-input":{"@type":"PropertyValueSpecification","valueRequired":true,"valueName":"search_term_string"}}],"inLanguage":"de"},{"@type":"Organization","@id":"https:\/\/www.staging.ackermann-institutet.se\/#organization","name":"Ackermann Institutet","url":"https:\/\/www.staging.ackermann-institutet.se\/","logo":{"@type":"ImageObject","inLanguage":"de","@id":"https:\/\/www.staging.ackermann-institutet.se\/#\/schema\/logo\/image\/","url":"https:\/\/www.staging.ackermann-institutet.se\/wp-content\/uploads\/2019\/02\/logo-2-2.png","contentUrl":"https:\/\/www.staging.ackermann-institutet.se\/wp-content\/uploads\/2019\/02\/logo-2-2.png","width":286,"height":210,"caption":"Ackermann Institutet"},"image":{"@id":"https:\/\/www.staging.ackermann-institutet.se\/#\/schema\/logo\/image\/"}}]}},"_links":{"self":[{"href":"https:\/\/www.staging.ackermann-institutet.se\/de\/wp-json\/wp\/v2\/pages\/1516","targetHints":{"allow":["GET"]}}],"collection":[{"href":"https:\/\/www.staging.ackermann-institutet.se\/de\/wp-json\/wp\/v2\/pages"}],"about":[{"href":"https:\/\/www.staging.ackermann-institutet.se\/de\/wp-json\/wp\/v2\/types\/page"}],"author":[{"embeddable":true,"href":"https:\/\/www.staging.ackermann-institutet.se\/de\/wp-json\/wp\/v2\/users\/2"}],"replies":[{"embeddable":true,"href":"https:\/\/www.staging.ackermann-institutet.se\/de\/wp-json\/wp\/v2\/comments?post=1516"}],"version-history":[{"count":8,"href":"https:\/\/www.staging.ackermann-institutet.se\/de\/wp-json\/wp\/v2\/pages\/1516\/revisions"}],"predecessor-version":[{"id":2042,"href":"https:\/\/www.staging.ackermann-institutet.se\/de\/wp-json\/wp\/v2\/pages\/1516\/revisions\/2042"}],"wp:attachment":[{"href":"https:\/\/www.staging.ackermann-institutet.se\/de\/wp-json\/wp\/v2\/media?parent=1516"}],"curies":[{"name":"wp","href":"https:\/\/api.w.org\/{rel}","templated":true}]}}